{"id":29339,"date":"2019-07-10T15:12:21","date_gmt":"2019-07-10T15:12:21","guid":{"rendered":"https:\/\/www.tdm.it\/?page_id=29339"},"modified":"2025-09-26T14:17:01","modified_gmt":"2025-09-26T14:17:01","slug":"informativa-ex-art-13-2","status":"publish","type":"page","link":"https:\/\/www.tdm.it\/en\/informativa-ex-art-13-2\/","title":{"rendered":"Quality"},"content":{"rendered":"<p>[et_pb_section fb_built=&#8221;1&#8243; _builder_version=&#8221;4.16&#8243; global_colors_info=&#8221;{}&#8221; da_is_popup=&#8221;off&#8221; da_exit_intent=&#8221;off&#8221; da_has_close=&#8221;on&#8221; da_alt_close=&#8221;off&#8221; da_dark_close=&#8221;off&#8221; da_not_modal=&#8221;on&#8221; da_is_singular=&#8221;off&#8221; da_with_loader=&#8221;off&#8221; da_has_shadow=&#8221;on&#8221; da_disable_devices=&#8221;off|off|off&#8221;][et_pb_row _builder_version=&#8221;4.16&#8243; background_size=&#8221;initial&#8221; background_position=&#8221;top_left&#8221; background_repeat=&#8221;repeat&#8221; global_colors_info=&#8221;{}&#8221; column_structure=&#8221;3_4,1_4&#8243;][et_pb_column type=&#8221;3_4&#8243; _builder_version=&#8221;4.16&#8243; custom_padding=&#8221;|||&#8221; global_colors_info=&#8221;{}&#8221; custom_padding__hover=&#8221;|||&#8221;][et_pb_text _builder_version=&#8221;4.16&#8243; background_size=&#8221;initial&#8221; background_position=&#8221;top_left&#8221; background_repeat=&#8221;repeat&#8221; global_colors_info=&#8221;{}&#8221;]<strong>QUALITY POLICY<br \/>\n<\/strong>We can consider Nutriservice s.r.l. a young company quickly grown bringing new technologies in a market to traditional and not always very open to novelty, we tried to move innovating, The excellent product designed and manufactured led us to grow fast on the market, in parallel has grown the structure of the company in the various processes.\u00a0We can safely say that what characterizes our company on the market is the ability to make innovation and professionalism zootechnics with which we follow the customer step by step in the use of the system sold teaching them how to use business data to better manage their organization.<\/p>\n<p>The General Management, in fact, favors the business growth through an approach for processes and based on the management of the risks, considering the factors positive, negative, internal and external to the organization.\u00a0It pursues the fundamental objectives of offering a first class product\/service, continuously improved and that even exceeds the expectations of customers, measuring their satisfaction.\u00a0It is committed to encouraging, training and assisting all staff to fully develop their skills, and to ensuring a healthy, safe and process-appropriate infrastructure and environment.<\/p>\n<p>Our approach with respect to competitors is zootechnical and not plant, even if obviously all the regulations in force are respected, This means that we take account of the needs of animals in a concrete way by developing products aimed at improving the performance of animals and operators.<br \/>\nThe fast growth and the approach to new foreign markets have stimulated us to improve the quality system of our company and hence the decision to certify us UNI EN ISO 9001.<\/p>\n<ul>\n<li>The General Management of Nutriservice S.r.l. defines below the key aspects on which to base its business philosophy by process:<br \/>\nCommercial, try to cover areas and probe new foreign markets, in order to expand in terms of new customers, thereby increasing the skills of our organization and improving the level of customer satisfaction;<\/li>\n<li>Design, innovate in terms of new plant components in an acceptable time and provide the inventory with the plant lists within a defined time so that it can prepare the material for the construction sites correctly and in time;<br \/>\n\u2022 Production and purchases, minimize the delays in the execution of the order, look for the best mix of quality and price on the market, trying to increase the number of selected partners;<br \/>\n\u2022 Installation, improve the process in such a way as to minimize installation times and the repetition of any errors;<br \/>\n\u2022 Relevant technical assistance for our company due to the continuous need on the part of the breeder to replace the so-called consumables;to train the customer on the use of the plant, which as noted above, will have.<\/li>\n<\/ul>\n<p>This Policy is pursued by the General Directorate of Nutriservice S.r.l. in order to allow the application, improvement and development of the Quality Management System adopted.<br \/>\nThe General Direction, moreover, undertakes so that the above is revised and updated to every eventual change of the business strategic addresses, is disseminated, implemented and shared by the whole company structure and is made available, as appropriate, to all interested parties.<br \/>\n[\/et_pb_text][\/et_pb_column][et_pb_column type=&#8221;1_4&#8243; _builder_version=&#8221;4.16&#8243; custom_padding=&#8221;|||&#8221; global_colors_info=&#8221;{}&#8221; custom_padding__hover=&#8221;|||&#8221;][et_pb_text admin_label=&#8221;CERTIFICATO QUALIT\u00c0&#8221; _builder_version=&#8221;4.16&#8243; text_orientation=&#8221;center&#8221; z_index_tablet=&#8221;500&#8243; global_colors_info=&#8221;{}&#8221;]<\/p>\n<p><strong>QUALITY CERTIFICATE<\/strong><\/p>\n<p>[\/et_pb_text][et_pb_image src=&#8221;https:\/\/www.tdm.it\/wp-content\/uploads\/2025\/09\/TDM-iso9001-sett-2025_Pagina_1.jpg&#8221; show_in_lightbox=&#8221;on&#8221; align_tablet=&#8221;center&#8221; align_last_edited=&#8221;on|desktop&#8221; admin_label=&#8221;Immagine CERTIFICATO QUALIT\u00c0&#8221; _builder_version=&#8221;4.27.4&#8243; animation_style=&#8221;fade&#8221; hover_enabled=&#8221;0&#8243; z_index_tablet=&#8221;500&#8243; global_colors_info=&#8221;{}&#8221; title_text=&#8221;TDM iso9001 sett 2025_Pagina_1&#8243; sticky_enabled=&#8221;0&#8243; align_phone=&#8221;center&#8221;][\/et_pb_image][et_pb_text admin_label=&#8221;CODICE ETICO&#8221; _builder_version=&#8221;4.16&#8243; text_orientation=&#8221;center&#8221; z_index_tablet=&#8221;500&#8243; global_colors_info=&#8221;{}&#8221;]<\/p>\n<p><strong>ETHICAL CODE<\/strong><\/p>\n<p>[\/et_pb_text][et_pb_image src=&#8221;https:\/\/www.tdm.it\/wp-content\/uploads\/2018\/05\/pdf-icon.png&#8221; url=&#8221;https:\/\/www.tdm.it\/wp-content\/uploads\/2019\/07\/TDM-CODICE-ETICO.pdf&#8221; url_new_window=&#8221;on&#8221; align=&#8221;center&#8221; align_tablet=&#8221;center&#8221; align_last_edited=&#8221;on|desktop&#8221; admin_label=&#8221;Immagine CODICE ETICO&#8221; _builder_version=&#8221;4.16&#8243; width=&#8221;70%&#8221; animation_style=&#8221;fade&#8221; z_index_tablet=&#8221;500&#8243; global_colors_info=&#8221;{}&#8221; align_phone=&#8221;center&#8221;][\/et_pb_image][et_pb_text admin_label=&#8221;LINK CODICE ETICO&#8221; _builder_version=&#8221;4.16&#8243; text_orientation=&#8221;center&#8221; animation_style=&#8221;fade&#8221; z_index_tablet=&#8221;500&#8243; global_colors_info=&#8221;{}&#8221;]<\/p>\n<p><a href=\"https:\/\/www.tdm.it\/wp-content\/uploads\/2019\/07\/TDM-CODICE-ETICO.pdf\" target=\"_blank\" rel=\"noopener\" data-mce-href=\"https:\/\/www.tdm.it\/wp-content\/uploads\/2019\/07\/TDM-CODICE-ETICO.pdf\">Download PDF<\/a><\/p>\n<p>[\/et_pb_text][\/et_pb_column][\/et_pb_row][\/et_pb_section]<\/p>\n","protected":false},"excerpt":{"rendered":"<p>QUALITY POLICY We can consider Nutriservice s.r.l. a young company quickly grown bringing new technologies in a market to traditional and not always very open to novelty, we tried to move innovating, The excellent product designed and manufactured led us to grow fast on the market, in parallel has grown the structure of the company [&hellip;]<\/p>\n","protected":false},"author":1,"featured_media":0,"parent":0,"menu_order":0,"comment_status":"closed","ping_status":"closed","template":"","meta":{"_et_pb_use_builder":"on","_et_pb_old_content":"<p><strong>POLITICA PER LA QUALIT\u00c0<br \/><\/strong>Possiamo considerare Nutriservice s.r.l. un\u2019azienda giovane cresciuta velocemente portando nuove tecnologie in un mercato a tradizionale e non sempre molto aperto alla novit\u00e0, abbiamo cercato di muoverci innovando, l\u2019ottimo prodotto progettato e realizzato ci ha portato a crescere velocemente sul mercato, parallelamente \u00e8 cresciuta la struttura dell\u2019azienda nei vari processi. Possiamo tranquillamente affermare che ci\u00f2 che caratterizza la nostra azienda sul mercato \u00e8 la capacit\u00e0 di fare innovazione e la professionalit\u00e0 ZOOTECNICA con la quale seguiamo il cliente passo dopo passo nell\u2019utilizzo dell\u2019impianto venduto insegnandogli ad usare i dati aziendali per meglio gestire la propria organizzazione.<br \/>La Direzione Generale, infatti, favorisce la crescita aziendale attraverso <strong>un approccio per processi<\/strong> e basato sulla <strong>gestione dei rischi<\/strong>, considerando i fattori positivi, negativi, interni ed esterni all\u2019organizzazione. Persegue gli obiettivi fondamentali di offrire un prodotto\/servizio di primordine, continuamente migliorato e che arrivi anche a superare le aspettative dei clienti, misurandone la soddisfazione. Si impegna per incoraggiare, formare e aiutare tutto il personale a sviluppare pienamente le loro capacit\u00e0, e a garantire un\u2019infrastruttura e un ambiente salubri, sicuri e adeguati al funzionamento dei processi.<br \/>Il nostro approccio rispetto ai competitori \u00e8 di tipo zootecnico e non impiantistico, anche se ovviamente vengono rispettate tutte le normative vigenti, ci\u00f2 vuol dire che teniamo conto delle necessit\u00e0 degli animali in maniera concreta sviluppando prodotti mirati al miglioramento delle performance di animali ed operatori.<br \/>La veloce crescita e l\u2019approccio ai nuovi mercati esteri ci hanno stimolato a migliorare il sistema qualit\u00e0 della nostra azienda e da qui la decisione di certificarci UNI EN ISO 9001.<br \/>La Direzione Generale di Nutriservice S.r.l. definisce di seguito gli aspetti chiave su cui basare la propria filosofia aziendale per processo:<\/p><ul><li><u>Commerciale<\/u>, cercare di coprire le aree e sondare nuovi mercati esteri, al fine di espansione in termini di nuovi clienti, accrescendo di conseguenza le competenze della nostra organizzazione e migliorando il livello di soddisfazione del cliente;<\/li><li><u>Progettazione<\/u>, innovare in termini di nuovi componenti di impianto in tempi accettabili e fornire entro un tempo definito al magazzino le distinte degli impianti in modo che possa preparare correttamente ed in tempo il materiale per i cantieri;<\/li><li><u>Produzione ed acquisti,<\/u> minimizzare i ritardi nell\u2019evasione della commessa, ricercare il miglior mix qualit\u00e0 e prezzo presente sul mercato, cercando di far cresce i partner selezionati;<\/li><li><u>Installazione<\/u>, migliorare il processo in modo tale da ridurre al minimo i tempi di installazione ed il ripetersi di eventuali errori;<\/li><li><u>Assistenza tecnica<\/u> rilevante per la nostra azienda vista la continua necessit\u00e0 da parte dell\u2019allevatore di sostituire il cosiddetto materiale di consumo; <u>addestrare il cliente sull\u2019uso dell\u2019impianto<\/u>, che come rimarcato sopra, dovr\u00e0 essere sempre pi\u00f9 preciso e professionale per poter mantenere questo vantaggio nei confronti dei competitori.<\/li><\/ul><p>Tale Politica \u00e8 perseguita dalla Direzione Generale di Nutriservice S.r.l. al fine di consentire l\u2019applicazione, il miglioramento e lo sviluppo del Sistema di Gestione della Qualit\u00e0 adottato.<br \/>La Direzione Generale, inoltre, si impegna affinch\u00e9 quanto sopra esposto sia revisionato e aggiornato a ogni eventuale variazione degli indirizzi strategici aziendali, che sia divulgato, attuato e condiviso da tutta la struttura aziendale e che sia reso disponibile, per quanto appropriato, a tutte le Parti Interessate.<\/p><p>\u00a0<\/p>","_et_gb_content_width":"","inline_featured_image":false,"jetpack_post_was_ever_published":false,"footnotes":""},"class_list":["post-29339","page","type-page","status-publish","hentry"],"jetpack_sharing_enabled":true,"jetpack_shortlink":"https:\/\/wp.me\/P8SG44-7Dd","_links":{"self":[{"href":"https:\/\/www.tdm.it\/en\/wp-json\/wp\/v2\/pages\/29339","targetHints":{"allow":["GET"]}}],"collection":[{"href":"https:\/\/www.tdm.it\/en\/wp-json\/wp\/v2\/pages"}],"about":[{"href":"https:\/\/www.tdm.it\/en\/wp-json\/wp\/v2\/types\/page"}],"author":[{"embeddable":true,"href":"https:\/\/www.tdm.it\/en\/wp-json\/wp\/v2\/users\/1"}],"replies":[{"embeddable":true,"href":"https:\/\/www.tdm.it\/en\/wp-json\/wp\/v2\/comments?post=29339"}],"version-history":[{"count":13,"href":"https:\/\/www.tdm.it\/en\/wp-json\/wp\/v2\/pages\/29339\/revisions"}],"predecessor-version":[{"id":38537,"href":"https:\/\/www.tdm.it\/en\/wp-json\/wp\/v2\/pages\/29339\/revisions\/38537"}],"wp:attachment":[{"href":"https:\/\/www.tdm.it\/en\/wp-json\/wp\/v2\/media?parent=29339"}],"curies":[{"name":"wp","href":"https:\/\/api.w.org\/{rel}","templated":true}]}}